
{"id":1512,"date":"2025-09-24T01:24:00","date_gmt":"2025-09-24T01:24:00","guid":{"rendered":"https:\/\/vietdevelopmentllc.trueads.ai\/product\/he-thong-anh-sang-trang-tri\/"},"modified":"2026-01-09T09:15:48","modified_gmt":"2026-01-09T09:15:48","slug":"he-thong-anh-sang-trang-tri","status":"publish","type":"product","link":"https:\/\/vietdevelopmentllc.com\/en\/product\/he-thong-anh-sang-trang-tri\/","title":{"rendered":"H\u1ec7 th\u1ed1ng \u00e1nh s\u00e1ng &amp; trang tr\u00ed"},"content":{"rendered":"<p>Gi\u00e1: Li\u00ean h\u1ec7 b\u00e1o gi\u00e1 theo di\u1ec7n t\u00edch &amp; h\u1ea1ng m\u1ee5c<\/p>\n<p>\ud83d\udccc \u01afu \u0111\u00e3i: Gi\u1ea3m &#8230; cho kh\u00e1ch h\u00e0ng k\u00fd h\u1ee3p \u0111\u1ed3ng l\u1ea7n \u0111\u1ea7u<\/p>\n","protected":false},"excerpt":{"rendered":"<p>Gi\u00e1: Li\u00ean h\u1ec7 b\u00e1o gi\u00e1 theo di\u1ec7n t\u00edch &amp; h\u1ea1ng m\u1ee5c \ud83d\udccc \u01afu \u0111\u00e3i: Gi\u1ea3m &#8230; cho kh\u00e1ch h\u00e0ng k\u00fd h\u1ee3p \u0111\u1ed3ng l\u1ea7n \u0111\u1ea7u<\/p>\n","protected":false},"featured_media":909,"comment_status":"open","ping_status":"closed","template":"","meta":{"_acf_changed":false},"product_brand":[],"product_cat":[16],"product_tag":[],"class_list":{"0":"post-1512","1":"product","2":"type-product","3":"status-publish","4":"has-post-thumbnail","6":"product_cat-uncategorized","8":"first","9":"instock","10":"product-type-simple"},"acf":[],"yoast_head":"<!-- This site is optimized with the Yoast SEO plugin v24.5 - https:\/\/yoast.com\/wordpress\/plugins\/seo\/ -->\n<title>H\u1ec7 th\u1ed1ng \u00e1nh s\u00e1ng &amp; trang tr\u00ed<\/title>\n<meta name=\"description\" content=\"Gi\u00e1: Li\u00ean h\u1ec7 b\u00e1o gi\u00e1 theo di\u1ec7n t\u00edch &amp; h\u1ea1ng m\u1ee5c\ud83d\udccc \u01afu \u0111\u00e3i: Gi\u1ea3m ... cho kh\u00e1ch h\u00e0ng k\u00fd h\u1ee3p \u0111\u1ed3ng l\u1ea7n \u0111\u1ea7u\" \/>\n<meta name=\"robots\" content=\"index, follow, max-snippet:-1, max-image-preview:large, max-video-preview:-1\" \/>\n<link rel=\"canonical\" href=\"https:\/\/vietdevelopmentllc.com\/en\/product\/he-thong-anh-sang-trang-tri\/\" \/>\n<meta property=\"og:locale\" content=\"en_US\" \/>\n<meta property=\"og:type\" content=\"article\" \/>\n<meta property=\"og:title\" content=\"H\u1ec7 th\u1ed1ng \u00e1nh s\u00e1ng &amp; trang tr\u00ed\" \/>\n<meta property=\"og:description\" content=\"Gi\u00e1: Li\u00ean h\u1ec7 b\u00e1o gi\u00e1 theo di\u1ec7n t\u00edch &amp; h\u1ea1ng m\u1ee5c\ud83d\udccc \u01afu \u0111\u00e3i: Gi\u1ea3m ... cho kh\u00e1ch h\u00e0ng k\u00fd h\u1ee3p \u0111\u1ed3ng l\u1ea7n \u0111\u1ea7u\" \/>\n<meta property=\"og:url\" content=\"https:\/\/vietdevelopmentllc.com\/en\/product\/he-thong-anh-sang-trang-tri\/\" \/>\n<meta property=\"og:site_name\" content=\"vietdevelopmentllc\" \/>\n<meta property=\"article:modified_time\" content=\"2026-01-09T09:15:48+00:00\" \/>\n<meta property=\"og:image\" content=\"https:\/\/pub-b2eddeeb92ae444d848d347a6b3a9fc5.r2.dev\/vietdevelopmentllc\/file\/1759202330_68db4c1a5a7c1.png\" \/>\n<meta name=\"twitter:card\" content=\"summary_large_image\" \/>\n<script type=\"application\/ld+json\" class=\"yoast-schema-graph\">{\"@context\":\"https:\/\/schema.org\",\"@graph\":[{\"@type\":\"WebPage\",\"@id\":\"https:\/\/vietdevelopmentllc.com\/en\/product\/he-thong-anh-sang-trang-tri\/\",\"url\":\"https:\/\/vietdevelopmentllc.com\/en\/product\/he-thong-anh-sang-trang-tri\/\",\"name\":\"H\u1ec7 th\u1ed1ng \u00e1nh s\u00e1ng &amp; trang tr\u00ed\",\"isPartOf\":{\"@id\":\"https:\/\/vietdevelopmentllc.com\/en\/#website\"},\"primaryImageOfPage\":{\"@id\":\"https:\/\/vietdevelopmentllc.com\/en\/product\/he-thong-anh-sang-trang-tri\/#primaryimage\"},\"image\":{\"@id\":\"https:\/\/vietdevelopmentllc.com\/en\/product\/he-thong-anh-sang-trang-tri\/#primaryimage\"},\"thumbnailUrl\":\"https:\/\/pub-b2eddeeb92ae444d848d347a6b3a9fc5.r2.dev\/vietdevelopmentllc\/file\/1759202330_68db4c1a5a7c1.png\",\"datePublished\":\"2025-09-24T01:24:00+00:00\",\"dateModified\":\"2026-01-09T09:15:48+00:00\",\"description\":\"Gi\u00e1: Li\u00ean h\u1ec7 b\u00e1o gi\u00e1 theo di\u1ec7n t\u00edch &amp; h\u1ea1ng m\u1ee5c\ud83d\udccc \u01afu \u0111\u00e3i: Gi\u1ea3m ... cho kh\u00e1ch h\u00e0ng k\u00fd h\u1ee3p \u0111\u1ed3ng l\u1ea7n \u0111\u1ea7u\",\"breadcrumb\":{\"@id\":\"https:\/\/vietdevelopmentllc.com\/en\/product\/he-thong-anh-sang-trang-tri\/#breadcrumb\"},\"inLanguage\":\"en-US\",\"potentialAction\":[{\"@type\":\"ReadAction\",\"target\":[\"https:\/\/vietdevelopmentllc.com\/en\/product\/he-thong-anh-sang-trang-tri\/\"]}]},{\"@type\":\"ImageObject\",\"inLanguage\":\"en-US\",\"@id\":\"https:\/\/vietdevelopmentllc.com\/en\/product\/he-thong-anh-sang-trang-tri\/#primaryimage\",\"url\":\"https:\/\/pub-b2eddeeb92ae444d848d347a6b3a9fc5.r2.dev\/vietdevelopmentllc\/file\/1759202330_68db4c1a5a7c1.png\",\"contentUrl\":\"https:\/\/pub-b2eddeeb92ae444d848d347a6b3a9fc5.r2.dev\/vietdevelopmentllc\/file\/1759202330_68db4c1a5a7c1.png\",\"width\":2000,\"height\":2000},{\"@type\":\"BreadcrumbList\",\"@id\":\"https:\/\/vietdevelopmentllc.com\/en\/product\/he-thong-anh-sang-trang-tri\/#breadcrumb\",\"itemListElement\":[{\"@type\":\"ListItem\",\"position\":1,\"name\":\"Trang ch\u1ee7\",\"item\":\"https:\/\/vietdevelopmentllc.com\/en\/\"},{\"@type\":\"ListItem\",\"position\":2,\"name\":\"Shop\",\"item\":\"https:\/\/vietdevelopmentllc.com\/en\/shop\/\"},{\"@type\":\"ListItem\",\"position\":3,\"name\":\"H\u1ec7 th\u1ed1ng \u00e1nh s\u00e1ng &amp; trang tr\u00ed\"}]},{\"@type\":\"WebSite\",\"@id\":\"https:\/\/vietdevelopmentllc.com\/en\/#website\",\"url\":\"https:\/\/vietdevelopmentllc.com\/en\/\",\"name\":\"G\u1ed1m s\u1ee9 C\u01b0\u01a1ng Duy\u00ean\",\"description\":\"\",\"publisher\":{\"@id\":\"https:\/\/vietdevelopmentllc.com\/en\/#organization\"},\"potentialAction\":[{\"@type\":\"SearchAction\",\"target\":{\"@type\":\"EntryPoint\",\"urlTemplate\":\"https:\/\/vietdevelopmentllc.com\/en\/?s={search_term_string}\"},\"query-input\":{\"@type\":\"PropertyValueSpecification\",\"valueRequired\":true,\"valueName\":\"search_term_string\"}}],\"inLanguage\":\"en-US\"},{\"@type\":\"Organization\",\"@id\":\"https:\/\/vietdevelopmentllc.com\/en\/#organization\",\"name\":\"vietdevelopmentllc\",\"url\":\"https:\/\/vietdevelopmentllc.com\/en\/\",\"logo\":{\"@type\":\"ImageObject\",\"inLanguage\":\"en-US\",\"@id\":\"https:\/\/vietdevelopmentllc.com\/en\/#\/schema\/logo\/image\/\",\"url\":\"https:\/\/placehold.co\/64x64\",\"contentUrl\":\"https:\/\/placehold.co\/64x64\",\"width\":512,\"height\":512,\"caption\":\"vietdevelopmentllc\"},\"image\":{\"@id\":\"https:\/\/vietdevelopmentllc.com\/en\/#\/schema\/logo\/image\/\"}}]}<\/script>\n<!-- \/ Yoast SEO plugin. -->","yoast_head_json":{"title":"H\u1ec7 th\u1ed1ng \u00e1nh s\u00e1ng &amp; trang tr\u00ed","description":"Gi\u00e1: Li\u00ean h\u1ec7 b\u00e1o gi\u00e1 theo di\u1ec7n t\u00edch &amp; h\u1ea1ng m\u1ee5c\ud83d\udccc \u01afu \u0111\u00e3i: Gi\u1ea3m ... cho kh\u00e1ch h\u00e0ng k\u00fd h\u1ee3p \u0111\u1ed3ng l\u1ea7n \u0111\u1ea7u","robots":{"index":"index","follow":"follow","max-snippet":"max-snippet:-1","max-image-preview":"max-image-preview:large","max-video-preview":"max-video-preview:-1"},"canonical":"https:\/\/vietdevelopmentllc.com\/en\/product\/he-thong-anh-sang-trang-tri\/","og_locale":"en_US","og_type":"article","og_title":"H\u1ec7 th\u1ed1ng \u00e1nh s\u00e1ng &amp; trang tr\u00ed","og_description":"Gi\u00e1: Li\u00ean h\u1ec7 b\u00e1o gi\u00e1 theo di\u1ec7n t\u00edch &amp; h\u1ea1ng m\u1ee5c\ud83d\udccc \u01afu \u0111\u00e3i: Gi\u1ea3m ... cho kh\u00e1ch h\u00e0ng k\u00fd h\u1ee3p \u0111\u1ed3ng l\u1ea7n \u0111\u1ea7u","og_url":"https:\/\/vietdevelopmentllc.com\/en\/product\/he-thong-anh-sang-trang-tri\/","og_site_name":"vietdevelopmentllc","article_modified_time":"2026-01-09T09:15:48+00:00","og_image":[{"url":"https:\/\/pub-b2eddeeb92ae444d848d347a6b3a9fc5.r2.dev\/vietdevelopmentllc\/file\/1759202330_68db4c1a5a7c1.png","type":"","width":"","height":""}],"twitter_card":"summary_large_image","schema":{"@context":"https:\/\/schema.org","@graph":[{"@type":"WebPage","@id":"https:\/\/vietdevelopmentllc.com\/en\/product\/he-thong-anh-sang-trang-tri\/","url":"https:\/\/vietdevelopmentllc.com\/en\/product\/he-thong-anh-sang-trang-tri\/","name":"H\u1ec7 th\u1ed1ng \u00e1nh s\u00e1ng &amp; trang tr\u00ed","isPartOf":{"@id":"https:\/\/vietdevelopmentllc.com\/en\/#website"},"primaryImageOfPage":{"@id":"https:\/\/vietdevelopmentllc.com\/en\/product\/he-thong-anh-sang-trang-tri\/#primaryimage"},"image":{"@id":"https:\/\/vietdevelopmentllc.com\/en\/product\/he-thong-anh-sang-trang-tri\/#primaryimage"},"thumbnailUrl":"https:\/\/pub-b2eddeeb92ae444d848d347a6b3a9fc5.r2.dev\/vietdevelopmentllc\/file\/1759202330_68db4c1a5a7c1.png","datePublished":"2025-09-24T01:24:00+00:00","dateModified":"2026-01-09T09:15:48+00:00","description":"Gi\u00e1: Li\u00ean h\u1ec7 b\u00e1o gi\u00e1 theo di\u1ec7n t\u00edch &amp; h\u1ea1ng m\u1ee5c\ud83d\udccc \u01afu \u0111\u00e3i: Gi\u1ea3m ... cho kh\u00e1ch h\u00e0ng k\u00fd h\u1ee3p \u0111\u1ed3ng l\u1ea7n \u0111\u1ea7u","breadcrumb":{"@id":"https:\/\/vietdevelopmentllc.com\/en\/product\/he-thong-anh-sang-trang-tri\/#breadcrumb"},"inLanguage":"en-US","potentialAction":[{"@type":"ReadAction","target":["https:\/\/vietdevelopmentllc.com\/en\/product\/he-thong-anh-sang-trang-tri\/"]}]},{"@type":"ImageObject","inLanguage":"en-US","@id":"https:\/\/vietdevelopmentllc.com\/en\/product\/he-thong-anh-sang-trang-tri\/#primaryimage","url":"https:\/\/pub-b2eddeeb92ae444d848d347a6b3a9fc5.r2.dev\/vietdevelopmentllc\/file\/1759202330_68db4c1a5a7c1.png","contentUrl":"https:\/\/pub-b2eddeeb92ae444d848d347a6b3a9fc5.r2.dev\/vietdevelopmentllc\/file\/1759202330_68db4c1a5a7c1.png","width":2000,"height":2000},{"@type":"BreadcrumbList","@id":"https:\/\/vietdevelopmentllc.com\/en\/product\/he-thong-anh-sang-trang-tri\/#breadcrumb","itemListElement":[{"@type":"ListItem","position":1,"name":"Trang ch\u1ee7","item":"https:\/\/vietdevelopmentllc.com\/en\/"},{"@type":"ListItem","position":2,"name":"Shop","item":"https:\/\/vietdevelopmentllc.com\/en\/shop\/"},{"@type":"ListItem","position":3,"name":"H\u1ec7 th\u1ed1ng \u00e1nh s\u00e1ng &amp; trang tr\u00ed"}]},{"@type":"WebSite","@id":"https:\/\/vietdevelopmentllc.com\/en\/#website","url":"https:\/\/vietdevelopmentllc.com\/en\/","name":"G\u1ed1m s\u1ee9 C\u01b0\u01a1ng Duy\u00ean","description":"","publisher":{"@id":"https:\/\/vietdevelopmentllc.com\/en\/#organization"},"potentialAction":[{"@type":"SearchAction","target":{"@type":"EntryPoint","urlTemplate":"https:\/\/vietdevelopmentllc.com\/en\/?s={search_term_string}"},"query-input":{"@type":"PropertyValueSpecification","valueRequired":true,"valueName":"search_term_string"}}],"inLanguage":"en-US"},{"@type":"Organization","@id":"https:\/\/vietdevelopmentllc.com\/en\/#organization","name":"vietdevelopmentllc","url":"https:\/\/vietdevelopmentllc.com\/en\/","logo":{"@type":"ImageObject","inLanguage":"en-US","@id":"https:\/\/vietdevelopmentllc.com\/en\/#\/schema\/logo\/image\/","url":"https:\/\/placehold.co\/64x64","contentUrl":"https:\/\/placehold.co\/64x64","width":512,"height":512,"caption":"vietdevelopmentllc"},"image":{"@id":"https:\/\/vietdevelopmentllc.com\/en\/#\/schema\/logo\/image\/"}}]}},"_links":{"self":[{"href":"https:\/\/vietdevelopmentllc.com\/en\/wp-json\/wp\/v2\/product\/1512","targetHints":{"allow":["GET"]}}],"collection":[{"href":"https:\/\/vietdevelopmentllc.com\/en\/wp-json\/wp\/v2\/product"}],"about":[{"href":"https:\/\/vietdevelopmentllc.com\/en\/wp-json\/wp\/v2\/types\/product"}],"replies":[{"embeddable":true,"href":"https:\/\/vietdevelopmentllc.com\/en\/wp-json\/wp\/v2\/comments?post=1512"}],"wp:featuredmedia":[{"embeddable":true,"href":"https:\/\/vietdevelopmentllc.com\/en\/wp-json\/wp\/v2\/media\/909"}],"wp:attachment":[{"href":"https:\/\/vietdevelopmentllc.com\/en\/wp-json\/wp\/v2\/media?parent=1512"}],"wp:term":[{"taxonomy":"product_brand","embeddable":true,"href":"https:\/\/vietdevelopmentllc.com\/en\/wp-json\/wp\/v2\/product_brand?post=1512"},{"taxonomy":"product_cat","embeddable":true,"href":"https:\/\/vietdevelopmentllc.com\/en\/wp-json\/wp\/v2\/product_cat?post=1512"},{"taxonomy":"product_tag","embeddable":true,"href":"https:\/\/vietdevelopmentllc.com\/en\/wp-json\/wp\/v2\/product_tag?post=1512"}],"curies":[{"name":"wp","href":"https:\/\/api.w.org\/{rel}","templated":true}]}}