
{"id":1529,"date":"2025-09-23T06:25:00","date_gmt":"2025-09-23T06:25:00","guid":{"rendered":"https:\/\/vietdevelopmentllc.trueads.ai\/product\/thi-cong-xay-dung\/"},"modified":"2026-01-13T02:06:10","modified_gmt":"2026-01-13T02:06:10","slug":"construction","status":"publish","type":"product","link":"https:\/\/vietdevelopmentllc.com\/en\/product\/construction\/","title":{"rendered":"CONSTRUCTION"},"content":{"rendered":"<p>&#8211; X\u00e2y d\u1ef1ng ph\u1ea7n th\u00f4, c\u1ea3i t\u1ea1o \u2013 n\u00e2ng c\u1ea5p c\u00f4ng tr\u00ecnh<\/p>\n<p>&#8211; Thi c\u00f4ng ho\u00e0n thi\u1ec7n t\u1eeb A \u0111\u1ebfn Z<\/p>\n<p>&#8211; Gi\u00e1m s\u00e1t ch\u1ea5t l\u01b0\u1ee3ng &amp; an to\u00e0n lao \u0111\u1ed9ng<\/p>\n","protected":false},"excerpt":{"rendered":"<p>&#8211; X\u00e2y d\u1ef1ng ph\u1ea7n th\u00f4, c\u1ea3i t\u1ea1o \u2013 n\u00e2ng c\u1ea5p c\u00f4ng tr\u00ecnh &#8211; Thi c\u00f4ng ho\u00e0n thi\u1ec7n t\u1eeb A \u0111\u1ebfn Z &#8211; Gi\u00e1m s\u00e1t ch\u1ea5t l\u01b0\u1ee3ng &amp; an to\u00e0n lao \u0111\u1ed9ng<\/p>\n","protected":false},"featured_media":905,"comment_status":"open","ping_status":"closed","template":"","meta":{"_acf_changed":false},"product_brand":[],"product_cat":[87],"product_tag":[],"class_list":{"0":"post-1529","1":"product","2":"type-product","3":"status-publish","4":"has-post-thumbnail","6":"product_cat-services","8":"first","9":"instock","10":"product-type-simple"},"acf":[],"yoast_head":"<!-- This site is optimized with the Yoast SEO plugin v24.5 - https:\/\/yoast.com\/wordpress\/plugins\/seo\/ -->\n<title>CONSTRUCTION<\/title>\n<meta name=\"description\" content=\"- X\u00e2y d\u1ef1ng ph\u1ea7n th\u00f4, c\u1ea3i t\u1ea1o \u2013 n\u00e2ng c\u1ea5p c\u00f4ng tr\u00ecnh- Thi c\u00f4ng ho\u00e0n thi\u1ec7n t\u1eeb A \u0111\u1ebfn Z- Gi\u00e1m s\u00e1t ch\u1ea5t l\u01b0\u1ee3ng &amp; an to\u00e0n lao \u0111\u1ed9ng\" \/>\n<meta name=\"robots\" content=\"index, follow, max-snippet:-1, max-image-preview:large, max-video-preview:-1\" \/>\n<link rel=\"canonical\" href=\"https:\/\/vietdevelopmentllc.com\/en\/product\/construction\/\" \/>\n<meta property=\"og:locale\" content=\"en_US\" \/>\n<meta property=\"og:type\" content=\"article\" \/>\n<meta property=\"og:title\" content=\"CONSTRUCTION\" \/>\n<meta property=\"og:description\" content=\"- X\u00e2y d\u1ef1ng ph\u1ea7n th\u00f4, c\u1ea3i t\u1ea1o \u2013 n\u00e2ng c\u1ea5p c\u00f4ng tr\u00ecnh- Thi c\u00f4ng ho\u00e0n thi\u1ec7n t\u1eeb A \u0111\u1ebfn Z- Gi\u00e1m s\u00e1t ch\u1ea5t l\u01b0\u1ee3ng &amp; an to\u00e0n lao \u0111\u1ed9ng\" \/>\n<meta property=\"og:url\" content=\"https:\/\/vietdevelopmentllc.com\/en\/product\/construction\/\" \/>\n<meta property=\"og:site_name\" content=\"vietdevelopmentllc\" \/>\n<meta property=\"article:modified_time\" content=\"2026-01-13T02:06:10+00:00\" \/>\n<meta property=\"og:image\" content=\"https:\/\/pub-b2eddeeb92ae444d848d347a6b3a9fc5.r2.dev\/vietdevelopmentllc\/file\/1759201182_68db479e3419c.png\" \/>\n<meta name=\"twitter:card\" content=\"summary_large_image\" \/>\n<meta name=\"twitter:label1\" content=\"Est. reading time\" \/>\n\t<meta name=\"twitter:data1\" content=\"1 minute\" \/>\n<script type=\"application\/ld+json\" class=\"yoast-schema-graph\">{\"@context\":\"https:\/\/schema.org\",\"@graph\":[{\"@type\":\"WebPage\",\"@id\":\"https:\/\/vietdevelopmentllc.com\/en\/product\/construction\/\",\"url\":\"https:\/\/vietdevelopmentllc.com\/en\/product\/construction\/\",\"name\":\"CONSTRUCTION\",\"isPartOf\":{\"@id\":\"https:\/\/vietdevelopmentllc.com\/en\/#website\"},\"primaryImageOfPage\":{\"@id\":\"https:\/\/vietdevelopmentllc.com\/en\/product\/construction\/#primaryimage\"},\"image\":{\"@id\":\"https:\/\/vietdevelopmentllc.com\/en\/product\/construction\/#primaryimage\"},\"thumbnailUrl\":\"https:\/\/pub-b2eddeeb92ae444d848d347a6b3a9fc5.r2.dev\/vietdevelopmentllc\/file\/1759201182_68db479e3419c.png\",\"datePublished\":\"2025-09-23T06:25:00+00:00\",\"dateModified\":\"2026-01-13T02:06:10+00:00\",\"description\":\"- X\u00e2y d\u1ef1ng ph\u1ea7n th\u00f4, c\u1ea3i t\u1ea1o \u2013 n\u00e2ng c\u1ea5p c\u00f4ng tr\u00ecnh- Thi c\u00f4ng ho\u00e0n thi\u1ec7n t\u1eeb A \u0111\u1ebfn Z- Gi\u00e1m s\u00e1t ch\u1ea5t l\u01b0\u1ee3ng & an to\u00e0n lao \u0111\u1ed9ng\",\"breadcrumb\":{\"@id\":\"https:\/\/vietdevelopmentllc.com\/en\/product\/construction\/#breadcrumb\"},\"inLanguage\":\"en-US\",\"potentialAction\":[{\"@type\":\"ReadAction\",\"target\":[\"https:\/\/vietdevelopmentllc.com\/en\/product\/construction\/\"]}]},{\"@type\":\"ImageObject\",\"inLanguage\":\"en-US\",\"@id\":\"https:\/\/vietdevelopmentllc.com\/en\/product\/construction\/#primaryimage\",\"url\":\"https:\/\/pub-b2eddeeb92ae444d848d347a6b3a9fc5.r2.dev\/vietdevelopmentllc\/file\/1759201182_68db479e3419c.png\",\"contentUrl\":\"https:\/\/pub-b2eddeeb92ae444d848d347a6b3a9fc5.r2.dev\/vietdevelopmentllc\/file\/1759201182_68db479e3419c.png\",\"width\":1152,\"height\":1152},{\"@type\":\"BreadcrumbList\",\"@id\":\"https:\/\/vietdevelopmentllc.com\/en\/product\/construction\/#breadcrumb\",\"itemListElement\":[{\"@type\":\"ListItem\",\"position\":1,\"name\":\"Trang ch\u1ee7\",\"item\":\"https:\/\/vietdevelopmentllc.com\/en\/\"},{\"@type\":\"ListItem\",\"position\":2,\"name\":\"Shop\",\"item\":\"https:\/\/vietdevelopmentllc.com\/en\/shop\/\"},{\"@type\":\"ListItem\",\"position\":3,\"name\":\"CONSTRUCTION\"}]},{\"@type\":\"WebSite\",\"@id\":\"https:\/\/vietdevelopmentllc.com\/en\/#website\",\"url\":\"https:\/\/vietdevelopmentllc.com\/en\/\",\"name\":\"G\u1ed1m s\u1ee9 C\u01b0\u01a1ng Duy\u00ean\",\"description\":\"\",\"publisher\":{\"@id\":\"https:\/\/vietdevelopmentllc.com\/en\/#organization\"},\"potentialAction\":[{\"@type\":\"SearchAction\",\"target\":{\"@type\":\"EntryPoint\",\"urlTemplate\":\"https:\/\/vietdevelopmentllc.com\/en\/?s={search_term_string}\"},\"query-input\":{\"@type\":\"PropertyValueSpecification\",\"valueRequired\":true,\"valueName\":\"search_term_string\"}}],\"inLanguage\":\"en-US\"},{\"@type\":\"Organization\",\"@id\":\"https:\/\/vietdevelopmentllc.com\/en\/#organization\",\"name\":\"vietdevelopmentllc\",\"url\":\"https:\/\/vietdevelopmentllc.com\/en\/\",\"logo\":{\"@type\":\"ImageObject\",\"inLanguage\":\"en-US\",\"@id\":\"https:\/\/vietdevelopmentllc.com\/en\/#\/schema\/logo\/image\/\",\"url\":\"https:\/\/placehold.co\/64x64\",\"contentUrl\":\"https:\/\/placehold.co\/64x64\",\"width\":512,\"height\":512,\"caption\":\"vietdevelopmentllc\"},\"image\":{\"@id\":\"https:\/\/vietdevelopmentllc.com\/en\/#\/schema\/logo\/image\/\"}}]}<\/script>\n<!-- \/ Yoast SEO plugin. -->","yoast_head_json":{"title":"CONSTRUCTION","description":"- X\u00e2y d\u1ef1ng ph\u1ea7n th\u00f4, c\u1ea3i t\u1ea1o \u2013 n\u00e2ng c\u1ea5p c\u00f4ng tr\u00ecnh- Thi c\u00f4ng ho\u00e0n thi\u1ec7n t\u1eeb A \u0111\u1ebfn Z- Gi\u00e1m s\u00e1t ch\u1ea5t l\u01b0\u1ee3ng & an to\u00e0n lao \u0111\u1ed9ng","robots":{"index":"index","follow":"follow","max-snippet":"max-snippet:-1","max-image-preview":"max-image-preview:large","max-video-preview":"max-video-preview:-1"},"canonical":"https:\/\/vietdevelopmentllc.com\/en\/product\/construction\/","og_locale":"en_US","og_type":"article","og_title":"CONSTRUCTION","og_description":"- X\u00e2y d\u1ef1ng ph\u1ea7n th\u00f4, c\u1ea3i t\u1ea1o \u2013 n\u00e2ng c\u1ea5p c\u00f4ng tr\u00ecnh- Thi c\u00f4ng ho\u00e0n thi\u1ec7n t\u1eeb A \u0111\u1ebfn Z- Gi\u00e1m s\u00e1t ch\u1ea5t l\u01b0\u1ee3ng & an to\u00e0n lao \u0111\u1ed9ng","og_url":"https:\/\/vietdevelopmentllc.com\/en\/product\/construction\/","og_site_name":"vietdevelopmentllc","article_modified_time":"2026-01-13T02:06:10+00:00","og_image":[{"url":"https:\/\/pub-b2eddeeb92ae444d848d347a6b3a9fc5.r2.dev\/vietdevelopmentllc\/file\/1759201182_68db479e3419c.png","type":"","width":"","height":""}],"twitter_card":"summary_large_image","twitter_misc":{"Est. reading time":"1 minute"},"schema":{"@context":"https:\/\/schema.org","@graph":[{"@type":"WebPage","@id":"https:\/\/vietdevelopmentllc.com\/en\/product\/construction\/","url":"https:\/\/vietdevelopmentllc.com\/en\/product\/construction\/","name":"CONSTRUCTION","isPartOf":{"@id":"https:\/\/vietdevelopmentllc.com\/en\/#website"},"primaryImageOfPage":{"@id":"https:\/\/vietdevelopmentllc.com\/en\/product\/construction\/#primaryimage"},"image":{"@id":"https:\/\/vietdevelopmentllc.com\/en\/product\/construction\/#primaryimage"},"thumbnailUrl":"https:\/\/pub-b2eddeeb92ae444d848d347a6b3a9fc5.r2.dev\/vietdevelopmentllc\/file\/1759201182_68db479e3419c.png","datePublished":"2025-09-23T06:25:00+00:00","dateModified":"2026-01-13T02:06:10+00:00","description":"- X\u00e2y d\u1ef1ng ph\u1ea7n th\u00f4, c\u1ea3i t\u1ea1o \u2013 n\u00e2ng c\u1ea5p c\u00f4ng tr\u00ecnh- Thi c\u00f4ng ho\u00e0n thi\u1ec7n t\u1eeb A \u0111\u1ebfn Z- Gi\u00e1m s\u00e1t ch\u1ea5t l\u01b0\u1ee3ng & an to\u00e0n lao \u0111\u1ed9ng","breadcrumb":{"@id":"https:\/\/vietdevelopmentllc.com\/en\/product\/construction\/#breadcrumb"},"inLanguage":"en-US","potentialAction":[{"@type":"ReadAction","target":["https:\/\/vietdevelopmentllc.com\/en\/product\/construction\/"]}]},{"@type":"ImageObject","inLanguage":"en-US","@id":"https:\/\/vietdevelopmentllc.com\/en\/product\/construction\/#primaryimage","url":"https:\/\/pub-b2eddeeb92ae444d848d347a6b3a9fc5.r2.dev\/vietdevelopmentllc\/file\/1759201182_68db479e3419c.png","contentUrl":"https:\/\/pub-b2eddeeb92ae444d848d347a6b3a9fc5.r2.dev\/vietdevelopmentllc\/file\/1759201182_68db479e3419c.png","width":1152,"height":1152},{"@type":"BreadcrumbList","@id":"https:\/\/vietdevelopmentllc.com\/en\/product\/construction\/#breadcrumb","itemListElement":[{"@type":"ListItem","position":1,"name":"Trang ch\u1ee7","item":"https:\/\/vietdevelopmentllc.com\/en\/"},{"@type":"ListItem","position":2,"name":"Shop","item":"https:\/\/vietdevelopmentllc.com\/en\/shop\/"},{"@type":"ListItem","position":3,"name":"CONSTRUCTION"}]},{"@type":"WebSite","@id":"https:\/\/vietdevelopmentllc.com\/en\/#website","url":"https:\/\/vietdevelopmentllc.com\/en\/","name":"G\u1ed1m s\u1ee9 C\u01b0\u01a1ng Duy\u00ean","description":"","publisher":{"@id":"https:\/\/vietdevelopmentllc.com\/en\/#organization"},"potentialAction":[{"@type":"SearchAction","target":{"@type":"EntryPoint","urlTemplate":"https:\/\/vietdevelopmentllc.com\/en\/?s={search_term_string}"},"query-input":{"@type":"PropertyValueSpecification","valueRequired":true,"valueName":"search_term_string"}}],"inLanguage":"en-US"},{"@type":"Organization","@id":"https:\/\/vietdevelopmentllc.com\/en\/#organization","name":"vietdevelopmentllc","url":"https:\/\/vietdevelopmentllc.com\/en\/","logo":{"@type":"ImageObject","inLanguage":"en-US","@id":"https:\/\/vietdevelopmentllc.com\/en\/#\/schema\/logo\/image\/","url":"https:\/\/placehold.co\/64x64","contentUrl":"https:\/\/placehold.co\/64x64","width":512,"height":512,"caption":"vietdevelopmentllc"},"image":{"@id":"https:\/\/vietdevelopmentllc.com\/en\/#\/schema\/logo\/image\/"}}]}},"_links":{"self":[{"href":"https:\/\/vietdevelopmentllc.com\/en\/wp-json\/wp\/v2\/product\/1529","targetHints":{"allow":["GET"]}}],"collection":[{"href":"https:\/\/vietdevelopmentllc.com\/en\/wp-json\/wp\/v2\/product"}],"about":[{"href":"https:\/\/vietdevelopmentllc.com\/en\/wp-json\/wp\/v2\/types\/product"}],"replies":[{"embeddable":true,"href":"https:\/\/vietdevelopmentllc.com\/en\/wp-json\/wp\/v2\/comments?post=1529"}],"wp:featuredmedia":[{"embeddable":true,"href":"https:\/\/vietdevelopmentllc.com\/en\/wp-json\/wp\/v2\/media\/905"}],"wp:attachment":[{"href":"https:\/\/vietdevelopmentllc.com\/en\/wp-json\/wp\/v2\/media?parent=1529"}],"wp:term":[{"taxonomy":"product_brand","embeddable":true,"href":"https:\/\/vietdevelopmentllc.com\/en\/wp-json\/wp\/v2\/product_brand?post=1529"},{"taxonomy":"product_cat","embeddable":true,"href":"https:\/\/vietdevelopmentllc.com\/en\/wp-json\/wp\/v2\/product_cat?post=1529"},{"taxonomy":"product_tag","embeddable":true,"href":"https:\/\/vietdevelopmentllc.com\/en\/wp-json\/wp\/v2\/product_tag?post=1529"}],"curies":[{"name":"wp","href":"https:\/\/api.w.org\/{rel}","templated":true}]}}